{"id":3610,"date":"2022-11-17T10:20:27","date_gmt":"2022-11-17T10:20:27","guid":{"rendered":"https:\/\/gobudafitness.hu\/?page_id=3610"},"modified":"2022-11-17T10:27:57","modified_gmt":"2022-11-17T10:27:57","slug":"dresscode","status":"publish","type":"page","link":"https:\/\/gobudafitness.hu\/en\/dresscode\/","title":{"rendered":"Dresscode"},"content":{"rendered":"<div data-elementor-type=\"wp-page\" data-elementor-id=\"3610\" class=\"elementor elementor-3610\" data-elementor-post-type=\"page\">\n\t\t\t\t\t\t<section class=\"elementor-section elementor-top-section elementor-element elementor-element-34b64150 elementor-section-boxed elementor-section-height-default elementor-section-height-default\" data-id=\"34b64150\" data-element_type=\"section\" data-settings=\"{&quot;ekit_has_onepagescroll_dot&quot;:&quot;yes&quot;}\">\n\t\t\t\t\t\t<div class=\"elementor-container elementor-column-gap-default\">\n\t\t\t\t\t<div class=\"elementor-column elementor-col-33 elementor-top-column elementor-element elementor-element-59b543dc\" data-id=\"59b543dc\" data-element_type=\"column\">\n\t\t\t<div class=\"elementor-widget-wrap elementor-element-populated\">\n\t\t\t\t\t\t<div class=\"elementor-element elementor-element-75a0fa44 elementor-widget elementor-widget-text-editor\" data-id=\"75a0fa44\" data-element_type=\"widget\" data-settings=\"{&quot;ekit_we_effect_on&quot;:&quot;none&quot;}\" data-widget_type=\"text-editor.default\">\n\t\t\t\t<div class=\"elementor-widget-container\">\n\t\t\t\t\t\t\t\t\t<p><img decoding=\"async\" class=\"wobble-hor-bottom alignnone wp-image-3611 size-thumbnail\" src=\"http:\/\/gobudafitness.hu\/wp-content\/uploads\/2022\/11\/polo-150x150.png\" alt=\"\" width=\"150\" height=\"150\" \/><\/p>\t\t\t\t\t\t\t\t<\/div>\n\t\t\t\t<\/div>\n\t\t\t\t\t<\/div>\n\t\t<\/div>\n\t\t\t\t<div class=\"elementor-column elementor-col-33 elementor-top-column elementor-element elementor-element-8e26230\" data-id=\"8e26230\" data-element_type=\"column\">\n\t\t\t<div class=\"elementor-widget-wrap elementor-element-populated\">\n\t\t\t\t\t\t<div class=\"elementor-element elementor-element-e95151c elementor-widget elementor-widget-text-editor\" data-id=\"e95151c\" data-element_type=\"widget\" data-settings=\"{&quot;ekit_we_effect_on&quot;:&quot;none&quot;}\" data-widget_type=\"text-editor.default\">\n\t\t\t\t<div class=\"elementor-widget-container\">\n\t\t\t\t\t\t\t\t\t<h1>Dresscode<\/h1><div><span style=\"color: rgb(208, 208, 208); font-family: Roboto; background-color: rgb(29, 29, 28);\">A fitness terembe csak megfelel\u0151 sport \u00f6lt\u00f6zetben (sportcip\u0151, p\u00f3l\u00f3, top, sportnadr\u00e1g) lehet bel\u00e9pni \u00e9s<\/span><br style=\"color: rgb(208, 208, 208); font-family: Roboto; background-color: rgb(29, 29, 28);\"><span style=\"color: rgb(208, 208, 208); font-family: Roboto; background-color: rgb(29, 29, 28);\">edzeni. A trik\u00f3ban, papucsban, szand\u00e1lban illetve mez\u00edtl\u00e1b t\u00f6rt\u00e9n\u0151 edz\u00e9s nem enged\u00e9lyezett.<\/span><br style=\"color: rgb(208, 208, 208); font-family: Roboto; background-color: rgb(29, 29, 28);\"><span style=\"color: rgb(208, 208, 208); font-family: Roboto; background-color: rgb(29, 29, 28);\">Mindenf\u00e9le utcai viselet\u0171 cip\u0151 haszn\u00e1lata tilos.<\/span><br><\/div>\t\t\t\t\t\t\t\t<\/div>\n\t\t\t\t<\/div>\n\t\t\t\t\t<\/div>\n\t\t<\/div>\n\t\t\t\t<div class=\"elementor-column elementor-col-33 elementor-top-column elementor-element elementor-element-3f6217f\" data-id=\"3f6217f\" data-element_type=\"column\">\n\t\t\t<div class=\"elementor-widget-wrap\">\n\t\t\t\t\t\t\t<\/div>\n\t\t<\/div>\n\t\t\t\t\t<\/div>\n\t\t<\/section>\n\t\t\t\t<\/div>","protected":false},"excerpt":{"rendered":"<p>Dresscode A fitness terembe csak megfelel\u0151 sport \u00f6lt\u00f6zetben (sportcip\u0151, p\u00f3l\u00f3, top, sportnadr\u00e1g) lehet bel\u00e9pni \u00e9sedzeni. A trik\u00f3ban, papucsban, szand\u00e1lban illetve mez\u00edtl\u00e1b t\u00f6rt\u00e9n\u0151 edz\u00e9s nem enged\u00e9lyezett.Mindenf\u00e9le utcai viselet\u0171 cip\u0151 haszn\u00e1lata tilos.<\/p>","protected":false},"author":1,"featured_media":0,"parent":0,"menu_order":0,"comment_status":"closed","ping_status":"closed","template":"","meta":{"footnotes":""},"class_list":["post-3610","page","type-page","status-publish","hentry"],"yoast_head":"<!-- This site is optimized with the Yoast SEO plugin v25.8 - https:\/\/yoast.com\/wordpress\/plugins\/seo\/ -->\n<title>Dresscode - Gobuda Fitness Club<\/title>\n<meta name=\"robots\" content=\"index, follow, max-snippet:-1, max-image-preview:large, max-video-preview:-1\" \/>\n<link rel=\"canonical\" href=\"https:\/\/gobudafitness.hu\/en\/dresscode\/\" \/>\n<meta property=\"og:locale\" content=\"en_US\" \/>\n<meta property=\"og:type\" content=\"article\" \/>\n<meta property=\"og:title\" content=\"Dresscode - Gobuda Fitness Club\" \/>\n<meta property=\"og:description\" content=\"Dresscode A fitness terembe csak megfelel\u0151 sport \u00f6lt\u00f6zetben (sportcip\u0151, p\u00f3l\u00f3, top, sportnadr\u00e1g) lehet bel\u00e9pni \u00e9sedzeni. A trik\u00f3ban, papucsban, szand\u00e1lban illetve mez\u00edtl\u00e1b t\u00f6rt\u00e9n\u0151 edz\u00e9s nem enged\u00e9lyezett.Mindenf\u00e9le utcai viselet\u0171 cip\u0151 haszn\u00e1lata tilos.\" \/>\n<meta property=\"og:url\" content=\"https:\/\/gobudafitness.hu\/en\/dresscode\/\" \/>\n<meta property=\"og:site_name\" content=\"Gobuda Fitness Club\" \/>\n<meta property=\"article:publisher\" content=\"https:\/\/www.facebook.com\/gobudafitness\" \/>\n<meta property=\"article:modified_time\" content=\"2022-11-17T10:27:57+00:00\" \/>\n<meta property=\"og:image\" content=\"http:\/\/gobudafitness.hu\/wp-content\/uploads\/2022\/11\/polo-150x150.png\" \/>\n<meta name=\"twitter:card\" content=\"summary_large_image\" \/>\n<meta name=\"twitter:label1\" content=\"Est. reading time\" \/>\n\t<meta name=\"twitter:data1\" content=\"1 minute\" \/>\n<script type=\"application\/ld+json\" class=\"yoast-schema-graph\">{\"@context\":\"https:\/\/schema.org\",\"@graph\":[{\"@type\":\"WebPage\",\"@id\":\"https:\/\/gobudafitness.hu\/dresscode\/\",\"url\":\"https:\/\/gobudafitness.hu\/dresscode\/\",\"name\":\"Dresscode - Gobuda Fitness Club\",\"isPartOf\":{\"@id\":\"https:\/\/gobudafitness.hu\/#website\"},\"primaryImageOfPage\":{\"@id\":\"https:\/\/gobudafitness.hu\/dresscode\/#primaryimage\"},\"image\":{\"@id\":\"https:\/\/gobudafitness.hu\/dresscode\/#primaryimage\"},\"thumbnailUrl\":\"http:\/\/gobudafitness.hu\/wp-content\/uploads\/2022\/11\/polo-150x150.png\",\"datePublished\":\"2022-11-17T10:20:27+00:00\",\"dateModified\":\"2022-11-17T10:27:57+00:00\",\"breadcrumb\":{\"@id\":\"https:\/\/gobudafitness.hu\/dresscode\/#breadcrumb\"},\"inLanguage\":\"en-US\",\"potentialAction\":[{\"@type\":\"ReadAction\",\"target\":[\"https:\/\/gobudafitness.hu\/dresscode\/\"]}]},{\"@type\":\"ImageObject\",\"inLanguage\":\"en-US\",\"@id\":\"https:\/\/gobudafitness.hu\/dresscode\/#primaryimage\",\"url\":\"http:\/\/gobudafitness.hu\/wp-content\/uploads\/2022\/11\/polo-150x150.png\",\"contentUrl\":\"http:\/\/gobudafitness.hu\/wp-content\/uploads\/2022\/11\/polo-150x150.png\"},{\"@type\":\"BreadcrumbList\",\"@id\":\"https:\/\/gobudafitness.hu\/dresscode\/#breadcrumb\",\"itemListElement\":[{\"@type\":\"ListItem\",\"position\":1,\"name\":\"Kezd\u0151lap\",\"item\":\"https:\/\/gobudafitness.hu\/\"},{\"@type\":\"ListItem\",\"position\":2,\"name\":\"Dresscode\"}]},{\"@type\":\"WebSite\",\"@id\":\"https:\/\/gobudafitness.hu\/#website\",\"url\":\"https:\/\/gobudafitness.hu\/\",\"name\":\"Gobuda Fitness Club\",\"description\":\"\",\"publisher\":{\"@id\":\"https:\/\/gobudafitness.hu\/#organization\"},\"potentialAction\":[{\"@type\":\"SearchAction\",\"target\":{\"@type\":\"EntryPoint\",\"urlTemplate\":\"https:\/\/gobudafitness.hu\/?s={search_term_string}\"},\"query-input\":{\"@type\":\"PropertyValueSpecification\",\"valueRequired\":true,\"valueName\":\"search_term_string\"}}],\"inLanguage\":\"en-US\"},{\"@type\":\"Organization\",\"@id\":\"https:\/\/gobudafitness.hu\/#organization\",\"name\":\"Gobuda Fitness Club\",\"url\":\"https:\/\/gobudafitness.hu\/\",\"logo\":{\"@type\":\"ImageObject\",\"inLanguage\":\"en-US\",\"@id\":\"https:\/\/gobudafitness.hu\/#\/schema\/logo\/image\/\",\"url\":\"https:\/\/gobudafitness.hu\/wp-content\/uploads\/2022\/07\/gobuda-logo-v2.png\",\"contentUrl\":\"https:\/\/gobudafitness.hu\/wp-content\/uploads\/2022\/07\/gobuda-logo-v2.png\",\"width\":519,\"height\":149,\"caption\":\"Gobuda Fitness Club\"},\"image\":{\"@id\":\"https:\/\/gobudafitness.hu\/#\/schema\/logo\/image\/\"},\"sameAs\":[\"https:\/\/www.facebook.com\/gobudafitness\"]}]}<\/script>\n<!-- \/ Yoast SEO plugin. -->","yoast_head_json":{"title":"Dresscode - Gobuda Fitness Club","robots":{"index":"index","follow":"follow","max-snippet":"max-snippet:-1","max-image-preview":"max-image-preview:large","max-video-preview":"max-video-preview:-1"},"canonical":"https:\/\/gobudafitness.hu\/en\/dresscode\/","og_locale":"en_US","og_type":"article","og_title":"Dresscode - Gobuda Fitness Club","og_description":"Dresscode A fitness terembe csak megfelel\u0151 sport \u00f6lt\u00f6zetben (sportcip\u0151, p\u00f3l\u00f3, top, sportnadr\u00e1g) lehet bel\u00e9pni \u00e9sedzeni. A trik\u00f3ban, papucsban, szand\u00e1lban illetve mez\u00edtl\u00e1b t\u00f6rt\u00e9n\u0151 edz\u00e9s nem enged\u00e9lyezett.Mindenf\u00e9le utcai viselet\u0171 cip\u0151 haszn\u00e1lata tilos.","og_url":"https:\/\/gobudafitness.hu\/en\/dresscode\/","og_site_name":"Gobuda Fitness Club","article_publisher":"https:\/\/www.facebook.com\/gobudafitness","article_modified_time":"2022-11-17T10:27:57+00:00","og_image":[{"url":"http:\/\/gobudafitness.hu\/wp-content\/uploads\/2022\/11\/polo-150x150.png","type":"","width":"","height":""}],"twitter_card":"summary_large_image","twitter_misc":{"Est. reading time":"1 minute"},"schema":{"@context":"https:\/\/schema.org","@graph":[{"@type":"WebPage","@id":"https:\/\/gobudafitness.hu\/dresscode\/","url":"https:\/\/gobudafitness.hu\/dresscode\/","name":"Dresscode - Gobuda Fitness Club","isPartOf":{"@id":"https:\/\/gobudafitness.hu\/#website"},"primaryImageOfPage":{"@id":"https:\/\/gobudafitness.hu\/dresscode\/#primaryimage"},"image":{"@id":"https:\/\/gobudafitness.hu\/dresscode\/#primaryimage"},"thumbnailUrl":"http:\/\/gobudafitness.hu\/wp-content\/uploads\/2022\/11\/polo-150x150.png","datePublished":"2022-11-17T10:20:27+00:00","dateModified":"2022-11-17T10:27:57+00:00","breadcrumb":{"@id":"https:\/\/gobudafitness.hu\/dresscode\/#breadcrumb"},"inLanguage":"en-US","potentialAction":[{"@type":"ReadAction","target":["https:\/\/gobudafitness.hu\/dresscode\/"]}]},{"@type":"ImageObject","inLanguage":"en-US","@id":"https:\/\/gobudafitness.hu\/dresscode\/#primaryimage","url":"http:\/\/gobudafitness.hu\/wp-content\/uploads\/2022\/11\/polo-150x150.png","contentUrl":"http:\/\/gobudafitness.hu\/wp-content\/uploads\/2022\/11\/polo-150x150.png"},{"@type":"BreadcrumbList","@id":"https:\/\/gobudafitness.hu\/dresscode\/#breadcrumb","itemListElement":[{"@type":"ListItem","position":1,"name":"Kezd\u0151lap","item":"https:\/\/gobudafitness.hu\/"},{"@type":"ListItem","position":2,"name":"Dresscode"}]},{"@type":"WebSite","@id":"https:\/\/gobudafitness.hu\/#website","url":"https:\/\/gobudafitness.hu\/","name":"Gobuda Fitness Club","description":"","publisher":{"@id":"https:\/\/gobudafitness.hu\/#organization"},"potentialAction":[{"@type":"SearchAction","target":{"@type":"EntryPoint","urlTemplate":"https:\/\/gobudafitness.hu\/?s={search_term_string}"},"query-input":{"@type":"PropertyValueSpecification","valueRequired":true,"valueName":"search_term_string"}}],"inLanguage":"en-US"},{"@type":"Organization","@id":"https:\/\/gobudafitness.hu\/#organization","name":"Gobuda Fitness Club","url":"https:\/\/gobudafitness.hu\/","logo":{"@type":"ImageObject","inLanguage":"en-US","@id":"https:\/\/gobudafitness.hu\/#\/schema\/logo\/image\/","url":"https:\/\/gobudafitness.hu\/wp-content\/uploads\/2022\/07\/gobuda-logo-v2.png","contentUrl":"https:\/\/gobudafitness.hu\/wp-content\/uploads\/2022\/07\/gobuda-logo-v2.png","width":519,"height":149,"caption":"Gobuda Fitness Club"},"image":{"@id":"https:\/\/gobudafitness.hu\/#\/schema\/logo\/image\/"},"sameAs":["https:\/\/www.facebook.com\/gobudafitness"]}]}},"_links":{"self":[{"href":"https:\/\/gobudafitness.hu\/en\/wp-json\/wp\/v2\/pages\/3610","targetHints":{"allow":["GET"]}}],"collection":[{"href":"https:\/\/gobudafitness.hu\/en\/wp-json\/wp\/v2\/pages"}],"about":[{"href":"https:\/\/gobudafitness.hu\/en\/wp-json\/wp\/v2\/types\/page"}],"author":[{"embeddable":true,"href":"https:\/\/gobudafitness.hu\/en\/wp-json\/wp\/v2\/users\/1"}],"replies":[{"embeddable":true,"href":"https:\/\/gobudafitness.hu\/en\/wp-json\/wp\/v2\/comments?post=3610"}],"version-history":[{"count":7,"href":"https:\/\/gobudafitness.hu\/en\/wp-json\/wp\/v2\/pages\/3610\/revisions"}],"predecessor-version":[{"id":3619,"href":"https:\/\/gobudafitness.hu\/en\/wp-json\/wp\/v2\/pages\/3610\/revisions\/3619"}],"wp:attachment":[{"href":"https:\/\/gobudafitness.hu\/en\/wp-json\/wp\/v2\/media?parent=3610"}],"curies":[{"name":"wp","href":"https:\/\/api.w.org\/{rel}","templated":true}]}}