{"id":2329,"date":"2022-04-02T11:42:04","date_gmt":"2022-04-02T11:42:04","guid":{"rendered":"https:\/\/river2.qfxdesign.com\/?page_id=2329"},"modified":"2025-10-05T12:49:15","modified_gmt":"2025-10-05T12:49:15","slug":"araink","status":"publish","type":"page","link":"https:\/\/gobudafitness.hu\/en\/araink\/","title":{"rendered":"Our Prices"},"content":{"rendered":"<div data-elementor-type=\"wp-page\" data-elementor-id=\"2329\" class=\"elementor elementor-2329\" data-elementor-post-type=\"page\">\n\t\t\t\t\t\t<section class=\"elementor-section elementor-top-section elementor-element elementor-element-9a50303 elementor-section-boxed elementor-section-height-default elementor-section-height-default elementor-invisible\" data-id=\"9a50303\" data-element_type=\"section\" data-settings=\"{&quot;animation&quot;:&quot;slideInLeft&quot;,&quot;ekit_has_onepagescroll_dot&quot;:&quot;yes&quot;}\">\n\t\t\t\t\t\t<div class=\"elementor-container elementor-column-gap-default\">\n\t\t\t\t\t<div class=\"elementor-column elementor-col-100 elementor-top-column elementor-element elementor-element-56940cd\" data-id=\"56940cd\" data-element_type=\"column\">\n\t\t\t<div class=\"elementor-widget-wrap elementor-element-populated\">\n\t\t\t\t\t\t<div class=\"elementor-element elementor-element-69b2cfe elementor-widget elementor-widget-fitnase_section_title\" data-id=\"69b2cfe\" data-element_type=\"widget\" data-settings=\"{&quot;ekit_we_effect_on&quot;:&quot;none&quot;}\" data-widget_type=\"fitnase_section_title.default\">\n\t\t\t\t<div class=\"elementor-widget-container\">\n\t\t\t\t\t\n\t\t<div class=\"ep-section-title-wrapper\" >\n\t\t\t<div class=\"ep-section-title-content\">\n\t\t\t\t\n\t\t\t\t\t\t\t\t\t<div class=\"ep-section-title\">\n\t\t\t\t\t\t<h2>Gym<\/h2>\t\t\t\t\t<\/div>\n\t\t\t\t\n\t\t\t\t\t\t\t<\/div>\n\t\t<\/div>\n\n\t\t\t\t\t\t<\/div>\n\t\t\t\t<\/div>\n\t\t\t\t<div class=\"elementor-element elementor-element-a8aae61 elementor-widget elementor-widget-price-list\" data-id=\"a8aae61\" data-element_type=\"widget\" data-settings=\"{&quot;ekit_we_effect_on&quot;:&quot;none&quot;}\" data-widget_type=\"price-list.default\">\n\t\t\t\t<div class=\"elementor-widget-container\">\n\t\t\t\t\t\n\t\t<ul class=\"elementor-price-list\">\n\n\t\t\t\t\t\t\t\t\t<li><a class=\"elementor-price-list-item\" href=\"#\">\t\t\t\t\n\t\t\t\t<div class=\"elementor-price-list-text\">\n\t\t\t\t\t\t\t\t\t<div class=\"elementor-price-list-header\">\n\t\t\t\t\t\t\t\t\t\t\t<span class=\"elementor-price-list-title\">\n\t\t\t\t\t\t\tSingle-entry day pass\t\t\t\t\t\t<\/span>\n\t\t\t\t\t\t\t\t\t\t\t\t\t\t\t\t\t\t<span class=\"elementor-price-list-separator\"><\/span>\n\t\t\t\t\t\t\t\t\t\t\t\t\t\t\t\t\t\t\t<span class=\"elementor-price-list-price\">4.000 Ft<\/span>\n\t\t\t\t\t\t\t\t\t\t<\/div>\n\t\t\t\t\t\t\t\t\t\t\t\t<\/div>\n\t\t\t\t<\/a><\/li>\t\t\t\t\t\t\t\t\t\t\t\t<li><a class=\"elementor-price-list-item\" href=\"#\">\t\t\t\t\n\t\t\t\t<div class=\"elementor-price-list-text\">\n\t\t\t\t\t\t\t\t\t<div class=\"elementor-price-list-header\">\n\t\t\t\t\t\t\t\t\t\t\t<span class=\"elementor-price-list-title\">\n\t\t\t\t\t\t\tMonthly pass (30 days, 1 entry per day)\t\t\t\t\t\t<\/span>\n\t\t\t\t\t\t\t\t\t\t\t\t\t\t\t\t\t\t<span class=\"elementor-price-list-separator\"><\/span>\n\t\t\t\t\t\t\t\t\t\t\t\t\t\t\t\t\t\t\t<span class=\"elementor-price-list-price\">26.000 Ft<\/span>\n\t\t\t\t\t\t\t\t\t\t<\/div>\n\t\t\t\t\t\t\t\t\t\t\t\t<\/div>\n\t\t\t\t<\/a><\/li>\t\t\t\t\t\t\t\t\t\t\t\t<li><a class=\"elementor-price-list-item\" href=\"#\">\t\t\t\t\n\t\t\t\t<div class=\"elementor-price-list-text\">\n\t\t\t\t\t\t\t\t\t<div class=\"elementor-price-list-header\">\n\t\t\t\t\t\t\t\t\t\t\t<span class=\"elementor-price-list-title\">\n\t\t\t\t\t\t\t10-session pass (valid for 40 days)\t\t\t\t\t\t<\/span>\n\t\t\t\t\t\t\t\t\t\t\t\t\t\t\t\t\t\t<span class=\"elementor-price-list-separator\"><\/span>\n\t\t\t\t\t\t\t\t\t\t\t\t\t\t\t\t\t\t\t<span class=\"elementor-price-list-price\"> 25.000 Ft<\/span>\n\t\t\t\t\t\t\t\t\t\t<\/div>\n\t\t\t\t\t\t\t\t\t\t\t\t<\/div>\n\t\t\t\t<\/a><\/li>\t\t\t\t\t\n\t\t<\/ul>\n\n\t\t\t\t\t\t<\/div>\n\t\t\t\t<\/div>\n\t\t\t\t\t<\/div>\n\t\t<\/div>\n\t\t\t\t\t<\/div>\n\t\t<\/section>\n\t\t\t\t<section class=\"elementor-section elementor-top-section elementor-element elementor-element-3cf582c elementor-section-boxed elementor-section-height-default elementor-section-height-default elementor-invisible\" data-id=\"3cf582c\" data-element_type=\"section\" data-settings=\"{&quot;animation&quot;:&quot;fadeInLeft&quot;,&quot;ekit_has_onepagescroll_dot&quot;:&quot;yes&quot;}\">\n\t\t\t\t\t\t<div class=\"elementor-container elementor-column-gap-default\">\n\t\t\t\t\t<div class=\"elementor-column elementor-col-100 elementor-top-column elementor-element elementor-element-e6379f9\" data-id=\"e6379f9\" data-element_type=\"column\">\n\t\t\t<div class=\"elementor-widget-wrap elementor-element-populated\">\n\t\t\t\t\t\t<div class=\"elementor-element elementor-element-cd30dc2 elementor-widget elementor-widget-fitnase_section_title\" data-id=\"cd30dc2\" data-element_type=\"widget\" data-settings=\"{&quot;ekit_we_effect_on&quot;:&quot;none&quot;}\" data-widget_type=\"fitnase_section_title.default\">\n\t\t\t\t<div class=\"elementor-widget-container\">\n\t\t\t\t\t\n\t\t<div class=\"ep-section-title-wrapper\" >\n\t\t\t<div class=\"ep-section-title-content\">\n\t\t\t\t\n\t\t\t\t\t\t\t\t\t<div class=\"ep-section-title\">\n\t\t\t\t\t\t<h4>AEROBIC<\/h4>\t\t\t\t\t<\/div>\n\t\t\t\t\n\t\t\t\t\t\t\t<\/div>\n\t\t<\/div>\n\n\t\t\t\t\t\t<\/div>\n\t\t\t\t<\/div>\n\t\t\t\t<div class=\"elementor-element elementor-element-8e1ce94 elementor-widget elementor-widget-price-list\" data-id=\"8e1ce94\" data-element_type=\"widget\" data-settings=\"{&quot;ekit_we_effect_on&quot;:&quot;none&quot;}\" data-widget_type=\"price-list.default\">\n\t\t\t\t<div class=\"elementor-widget-container\">\n\t\t\t\t\t\n\t\t<ul class=\"elementor-price-list\">\n\n\t\t\t\t\t\t\t\t\t<li><a class=\"elementor-price-list-item\" href=\"#\">\t\t\t\t\n\t\t\t\t<div class=\"elementor-price-list-text\">\n\t\t\t\t\t\t\t\t\t<div class=\"elementor-price-list-header\">\n\t\t\t\t\t\t\t\t\t\t\t<span class=\"elementor-price-list-title\">\n\t\t\t\t\t\t\tSingle session (valid for 1 hour)\t\t\t\t\t\t<\/span>\n\t\t\t\t\t\t\t\t\t\t\t\t\t\t\t\t\t\t<span class=\"elementor-price-list-separator\"><\/span>\n\t\t\t\t\t\t\t\t\t\t\t\t\t\t\t\t\t\t\t<span class=\"elementor-price-list-price\">4.000 Ft<\/span>\n\t\t\t\t\t\t\t\t\t\t<\/div>\n\t\t\t\t\t\t\t\t\t\t\t\t<\/div>\n\t\t\t\t<\/a><\/li>\t\t\t\t\t\t\t\t\t\t\t\t<li><a class=\"elementor-price-list-item\" href=\"#\">\t\t\t\t\n\t\t\t\t<div class=\"elementor-price-list-text\">\n\t\t\t\t\t\t\t\t\t<div class=\"elementor-price-list-header\">\n\t\t\t\t\t\t\t\t\t\t\t<span class=\"elementor-price-list-title\">\n\t\t\t\t\t\t\t10-session pass (45-day validity, 1 hour per session)\t\t\t\t\t\t<\/span>\n\t\t\t\t\t\t\t\t\t\t\t\t\t\t\t\t\t\t<span class=\"elementor-price-list-separator\"><\/span>\n\t\t\t\t\t\t\t\t\t\t\t\t\t\t\t\t\t\t\t<span class=\"elementor-price-list-price\">28.000 Ft<\/span>\n\t\t\t\t\t\t\t\t\t\t<\/div>\n\t\t\t\t\t\t\t\t\t\t\t\t<\/div>\n\t\t\t\t<\/a><\/li>\t\t\t\t\t\n\t\t<\/ul>\n\n\t\t\t\t\t\t<\/div>\n\t\t\t\t<\/div>\n\t\t\t\t\t<\/div>\n\t\t<\/div>\n\t\t\t\t\t<\/div>\n\t\t<\/section>\n\t\t\t\t<section class=\"elementor-section elementor-top-section elementor-element elementor-element-520837a elementor-section-boxed elementor-section-height-default elementor-section-height-default elementor-invisible\" data-id=\"520837a\" data-element_type=\"section\" data-settings=\"{&quot;animation&quot;:&quot;fadeInLeft&quot;,&quot;ekit_has_onepagescroll_dot&quot;:&quot;yes&quot;}\">\n\t\t\t\t\t\t<div class=\"elementor-container elementor-column-gap-default\">\n\t\t\t\t\t<div class=\"elementor-column elementor-col-100 elementor-top-column elementor-element elementor-element-efeb740\" data-id=\"efeb740\" data-element_type=\"column\">\n\t\t\t<div class=\"elementor-widget-wrap elementor-element-populated\">\n\t\t\t\t\t\t<div class=\"elementor-element elementor-element-7ccb4d8 elementor-widget elementor-widget-fitnase_section_title\" data-id=\"7ccb4d8\" data-element_type=\"widget\" data-settings=\"{&quot;ekit_we_effect_on&quot;:&quot;none&quot;}\" data-widget_type=\"fitnase_section_title.default\">\n\t\t\t\t<div class=\"elementor-widget-container\">\n\t\t\t\t\t\n\t\t<div class=\"ep-section-title-wrapper\" >\n\t\t\t<div class=\"ep-section-title-content\">\n\t\t\t\t\n\t\t\t\t\t\t\t\t\t<div class=\"ep-section-title\">\n\t\t\t\t\t\t<h4>Combined pass<\/h4>\t\t\t\t\t<\/div>\n\t\t\t\t\n\t\t\t\t\t\t\t<\/div>\n\t\t<\/div>\n\n\t\t\t\t\t\t<\/div>\n\t\t\t\t<\/div>\n\t\t\t\t<div class=\"elementor-element elementor-element-cfe526b elementor-widget elementor-widget-price-list\" data-id=\"cfe526b\" data-element_type=\"widget\" data-settings=\"{&quot;ekit_we_effect_on&quot;:&quot;none&quot;}\" data-widget_type=\"price-list.default\">\n\t\t\t\t<div class=\"elementor-widget-container\">\n\t\t\t\t\t\n\t\t<ul class=\"elementor-price-list\">\n\n\t\t\t\t\t\t\t\t\t<li><a class=\"elementor-price-list-item\" href=\"#\">\t\t\t\t\n\t\t\t\t<div class=\"elementor-price-list-text\">\n\t\t\t\t\t\t\t\t\t<div class=\"elementor-price-list-header\">\n\t\t\t\t\t\t\t\t\t\t\t<span class=\"elementor-price-list-title\">\n\t\t\t\t\t\t\t10-session pass (45 days, 1 entry per day, 1 aerobics + 1 gym session)\t\t\t\t\t\t<\/span>\n\t\t\t\t\t\t\t\t\t\t\t\t\t\t\t\t\t\t<span class=\"elementor-price-list-separator\"><\/span>\n\t\t\t\t\t\t\t\t\t\t\t\t\t\t\t\t\t\t\t<span class=\"elementor-price-list-price\">30.000 Ft<\/span>\n\t\t\t\t\t\t\t\t\t\t<\/div>\n\t\t\t\t\t\t\t\t\t\t\t\t<\/div>\n\t\t\t\t<\/a><\/li>\t\t\t\t\t\n\t\t<\/ul>\n\n\t\t\t\t\t\t<\/div>\n\t\t\t\t<\/div>\n\t\t\t\t\t<\/div>\n\t\t<\/div>\n\t\t\t\t\t<\/div>\n\t\t<\/section>\n\t\t\t\t<\/div>","protected":false},"excerpt":{"rendered":"<p>Kondi 1 alkalmas napijegy 4.000 Ft Havi b\u00e9rlet (30 napos, napi 1 bel\u00e9p\u00e9s) 26.000 Ft 10 alkalmas b\u00e9rlet (40napig \u00e9rv\u00e9nyes) 25.000 Ft AEROBIK 1 alkalom (1 \u00f3r\u00e1ra \u00e9rv\u00e9nyes) 4.000 Ft 10 alkalmas (45 napos, 1 alkalom 1 \u00f3ra) 28.000 Ft Kombin\u00e1lt b\u00e9rlet 10 alkalmas (45 napos, napi 1 bel\u00e9p\u00e9s 1 aerobik + 1 kondi) 30.000 [&hellip;]<\/p>","protected":false},"author":1,"featured_media":0,"parent":0,"menu_order":0,"comment_status":"closed","ping_status":"closed","template":"","meta":{"footnotes":""},"class_list":["post-2329","page","type-page","status-publish","hentry"],"yoast_head":"<!-- This site is optimized with the Yoast SEO plugin v25.8 - https:\/\/yoast.com\/wordpress\/plugins\/seo\/ -->\n<title>\u00c1raink - Gobuda Fitness Club<\/title>\n<meta name=\"robots\" content=\"index, follow, max-snippet:-1, max-image-preview:large, max-video-preview:-1\" \/>\n<link rel=\"canonical\" href=\"https:\/\/gobudafitness.hu\/en\/araink\/\" \/>\n<meta property=\"og:locale\" content=\"en_US\" \/>\n<meta property=\"og:type\" content=\"article\" \/>\n<meta property=\"og:title\" content=\"\u00c1raink - Gobuda Fitness Club\" \/>\n<meta property=\"og:description\" content=\"Kondi 1 alkalmas napijegy 4.000 Ft Havi b\u00e9rlet (30 napos, napi 1 bel\u00e9p\u00e9s) 26.000 Ft 10 alkalmas b\u00e9rlet (40napig \u00e9rv\u00e9nyes) 25.000 Ft AEROBIK 1 alkalom (1 \u00f3r\u00e1ra \u00e9rv\u00e9nyes) 4.000 Ft 10 alkalmas (45 napos, 1 alkalom 1 \u00f3ra) 28.000 Ft Kombin\u00e1lt b\u00e9rlet 10 alkalmas (45 napos, napi 1 bel\u00e9p\u00e9s 1 aerobik + 1 kondi) 30.000 [&hellip;]\" \/>\n<meta property=\"og:url\" content=\"https:\/\/gobudafitness.hu\/en\/araink\/\" \/>\n<meta property=\"og:site_name\" content=\"Gobuda Fitness Club\" \/>\n<meta property=\"article:publisher\" content=\"https:\/\/www.facebook.com\/gobudafitness\" \/>\n<meta property=\"article:modified_time\" content=\"2025-10-05T12:49:15+00:00\" \/>\n<meta name=\"twitter:card\" content=\"summary_large_image\" \/>\n<meta name=\"twitter:label1\" content=\"Est. reading time\" \/>\n\t<meta name=\"twitter:data1\" content=\"1 minute\" \/>\n<script type=\"application\/ld+json\" class=\"yoast-schema-graph\">{\"@context\":\"https:\/\/schema.org\",\"@graph\":[{\"@type\":\"WebPage\",\"@id\":\"https:\/\/gobudafitness.hu\/araink\/\",\"url\":\"https:\/\/gobudafitness.hu\/araink\/\",\"name\":\"\u00c1raink - Gobuda Fitness Club\",\"isPartOf\":{\"@id\":\"https:\/\/gobudafitness.hu\/#website\"},\"datePublished\":\"2022-04-02T11:42:04+00:00\",\"dateModified\":\"2025-10-05T12:49:15+00:00\",\"breadcrumb\":{\"@id\":\"https:\/\/gobudafitness.hu\/araink\/#breadcrumb\"},\"inLanguage\":\"en-US\",\"potentialAction\":[{\"@type\":\"ReadAction\",\"target\":[\"https:\/\/gobudafitness.hu\/araink\/\"]}]},{\"@type\":\"BreadcrumbList\",\"@id\":\"https:\/\/gobudafitness.hu\/araink\/#breadcrumb\",\"itemListElement\":[{\"@type\":\"ListItem\",\"position\":1,\"name\":\"Kezd\u0151lap\",\"item\":\"https:\/\/gobudafitness.hu\/\"},{\"@type\":\"ListItem\",\"position\":2,\"name\":\"\u00c1raink\"}]},{\"@type\":\"WebSite\",\"@id\":\"https:\/\/gobudafitness.hu\/#website\",\"url\":\"https:\/\/gobudafitness.hu\/\",\"name\":\"Gobuda Fitness Club\",\"description\":\"\",\"publisher\":{\"@id\":\"https:\/\/gobudafitness.hu\/#organization\"},\"potentialAction\":[{\"@type\":\"SearchAction\",\"target\":{\"@type\":\"EntryPoint\",\"urlTemplate\":\"https:\/\/gobudafitness.hu\/?s={search_term_string}\"},\"query-input\":{\"@type\":\"PropertyValueSpecification\",\"valueRequired\":true,\"valueName\":\"search_term_string\"}}],\"inLanguage\":\"en-US\"},{\"@type\":\"Organization\",\"@id\":\"https:\/\/gobudafitness.hu\/#organization\",\"name\":\"Gobuda Fitness Club\",\"url\":\"https:\/\/gobudafitness.hu\/\",\"logo\":{\"@type\":\"ImageObject\",\"inLanguage\":\"en-US\",\"@id\":\"https:\/\/gobudafitness.hu\/#\/schema\/logo\/image\/\",\"url\":\"https:\/\/gobudafitness.hu\/wp-content\/uploads\/2022\/07\/gobuda-logo-v2.png\",\"contentUrl\":\"https:\/\/gobudafitness.hu\/wp-content\/uploads\/2022\/07\/gobuda-logo-v2.png\",\"width\":519,\"height\":149,\"caption\":\"Gobuda Fitness Club\"},\"image\":{\"@id\":\"https:\/\/gobudafitness.hu\/#\/schema\/logo\/image\/\"},\"sameAs\":[\"https:\/\/www.facebook.com\/gobudafitness\"]}]}<\/script>\n<!-- \/ Yoast SEO plugin. -->","yoast_head_json":{"title":"\u00c1raink - Gobuda Fitness Club","robots":{"index":"index","follow":"follow","max-snippet":"max-snippet:-1","max-image-preview":"max-image-preview:large","max-video-preview":"max-video-preview:-1"},"canonical":"https:\/\/gobudafitness.hu\/en\/araink\/","og_locale":"en_US","og_type":"article","og_title":"\u00c1raink - Gobuda Fitness Club","og_description":"Kondi 1 alkalmas napijegy 4.000 Ft Havi b\u00e9rlet (30 napos, napi 1 bel\u00e9p\u00e9s) 26.000 Ft 10 alkalmas b\u00e9rlet (40napig \u00e9rv\u00e9nyes) 25.000 Ft AEROBIK 1 alkalom (1 \u00f3r\u00e1ra \u00e9rv\u00e9nyes) 4.000 Ft 10 alkalmas (45 napos, 1 alkalom 1 \u00f3ra) 28.000 Ft Kombin\u00e1lt b\u00e9rlet 10 alkalmas (45 napos, napi 1 bel\u00e9p\u00e9s 1 aerobik + 1 kondi) 30.000 [&hellip;]","og_url":"https:\/\/gobudafitness.hu\/en\/araink\/","og_site_name":"Gobuda Fitness Club","article_publisher":"https:\/\/www.facebook.com\/gobudafitness","article_modified_time":"2025-10-05T12:49:15+00:00","twitter_card":"summary_large_image","twitter_misc":{"Est. reading time":"1 minute"},"schema":{"@context":"https:\/\/schema.org","@graph":[{"@type":"WebPage","@id":"https:\/\/gobudafitness.hu\/araink\/","url":"https:\/\/gobudafitness.hu\/araink\/","name":"\u00c1raink - Gobuda Fitness Club","isPartOf":{"@id":"https:\/\/gobudafitness.hu\/#website"},"datePublished":"2022-04-02T11:42:04+00:00","dateModified":"2025-10-05T12:49:15+00:00","breadcrumb":{"@id":"https:\/\/gobudafitness.hu\/araink\/#breadcrumb"},"inLanguage":"en-US","potentialAction":[{"@type":"ReadAction","target":["https:\/\/gobudafitness.hu\/araink\/"]}]},{"@type":"BreadcrumbList","@id":"https:\/\/gobudafitness.hu\/araink\/#breadcrumb","itemListElement":[{"@type":"ListItem","position":1,"name":"Kezd\u0151lap","item":"https:\/\/gobudafitness.hu\/"},{"@type":"ListItem","position":2,"name":"\u00c1raink"}]},{"@type":"WebSite","@id":"https:\/\/gobudafitness.hu\/#website","url":"https:\/\/gobudafitness.hu\/","name":"Gobuda Fitness Club","description":"","publisher":{"@id":"https:\/\/gobudafitness.hu\/#organization"},"potentialAction":[{"@type":"SearchAction","target":{"@type":"EntryPoint","urlTemplate":"https:\/\/gobudafitness.hu\/?s={search_term_string}"},"query-input":{"@type":"PropertyValueSpecification","valueRequired":true,"valueName":"search_term_string"}}],"inLanguage":"en-US"},{"@type":"Organization","@id":"https:\/\/gobudafitness.hu\/#organization","name":"Gobuda Fitness Club","url":"https:\/\/gobudafitness.hu\/","logo":{"@type":"ImageObject","inLanguage":"en-US","@id":"https:\/\/gobudafitness.hu\/#\/schema\/logo\/image\/","url":"https:\/\/gobudafitness.hu\/wp-content\/uploads\/2022\/07\/gobuda-logo-v2.png","contentUrl":"https:\/\/gobudafitness.hu\/wp-content\/uploads\/2022\/07\/gobuda-logo-v2.png","width":519,"height":149,"caption":"Gobuda Fitness Club"},"image":{"@id":"https:\/\/gobudafitness.hu\/#\/schema\/logo\/image\/"},"sameAs":["https:\/\/www.facebook.com\/gobudafitness"]}]}},"_links":{"self":[{"href":"https:\/\/gobudafitness.hu\/en\/wp-json\/wp\/v2\/pages\/2329","targetHints":{"allow":["GET"]}}],"collection":[{"href":"https:\/\/gobudafitness.hu\/en\/wp-json\/wp\/v2\/pages"}],"about":[{"href":"https:\/\/gobudafitness.hu\/en\/wp-json\/wp\/v2\/types\/page"}],"author":[{"embeddable":true,"href":"https:\/\/gobudafitness.hu\/en\/wp-json\/wp\/v2\/users\/1"}],"replies":[{"embeddable":true,"href":"https:\/\/gobudafitness.hu\/en\/wp-json\/wp\/v2\/comments?post=2329"}],"version-history":[{"count":54,"href":"https:\/\/gobudafitness.hu\/en\/wp-json\/wp\/v2\/pages\/2329\/revisions"}],"predecessor-version":[{"id":4561,"href":"https:\/\/gobudafitness.hu\/en\/wp-json\/wp\/v2\/pages\/2329\/revisions\/4561"}],"wp:attachment":[{"href":"https:\/\/gobudafitness.hu\/en\/wp-json\/wp\/v2\/media?parent=2329"}],"curies":[{"name":"wp","href":"https:\/\/api.w.org\/{rel}","templated":true}]}}