{"id":1789,"date":"2021-06-26T11:22:58","date_gmt":"2021-06-26T11:22:58","guid":{"rendered":"http:\/\/fitnase.e-plugins.com\/?page_id=1789"},"modified":"2022-12-01T21:33:39","modified_gmt":"2022-12-01T21:33:39","slug":"kapcsolat","status":"publish","type":"page","link":"https:\/\/gobudafitness.hu\/en\/kapcsolat\/","title":{"rendered":"Contact"},"content":{"rendered":"<div data-elementor-type=\"wp-page\" data-elementor-id=\"1789\" class=\"elementor elementor-1789\" data-elementor-post-type=\"page\">\n\t\t\t\t\t\t<section class=\"elementor-section elementor-top-section elementor-element elementor-element-ca75980 elementor-section-stretched elementor-section-boxed elementor-section-height-default elementor-section-height-default\" data-id=\"ca75980\" data-element_type=\"section\" data-settings=\"{&quot;stretch_section&quot;:&quot;section-stretched&quot;,&quot;ekit_has_onepagescroll_dot&quot;:&quot;yes&quot;}\">\n\t\t\t\t\t\t<div class=\"elementor-container elementor-column-gap-extended\">\n\t\t\t\t\t<div class=\"elementor-column elementor-col-50 elementor-top-column elementor-element elementor-element-fc42043\" data-id=\"fc42043\" data-element_type=\"column\">\n\t\t\t<div class=\"elementor-widget-wrap elementor-element-populated\">\n\t\t\t\t\t\t<div class=\"elementor-element elementor-element-c5584f9 elementor-widget elementor-widget-fitnase_section_title\" data-id=\"c5584f9\" data-element_type=\"widget\" data-settings=\"{&quot;ekit_we_effect_on&quot;:&quot;none&quot;}\" data-widget_type=\"fitnase_section_title.default\">\n\t\t\t\t<div class=\"elementor-widget-container\">\n\t\t\t\t\t\n\t\t<div class=\"ep-section-title-wrapper\" >\n\t\t\t<div class=\"ep-section-title-content\">\n\t\t\t\t\t\t\t\t\t<span class=\"ep-section-subtitle ep-primary-color\">Contact<\/span>\n\t\t\t\t\n\t\t\t\t\t\t\t\t\t<div class=\"ep-section-title\">\n\t\t\t\t\t\t<h2>Have a question? Send us a message here<\/h2>\t\t\t\t\t<\/div>\n\t\t\t\t\n\t\t\t\t\t\t\t<\/div>\n\t\t<\/div>\n\n\t\t\t\t\t\t<\/div>\n\t\t\t\t<\/div>\n\t\t\t\t<div class=\"elementor-element elementor-element-6b54d74 animated none elementor-widget elementor-widget-fitnase_contact_form_seven\" data-id=\"6b54d74\" data-element_type=\"widget\" data-settings=\"{&quot;ekit_we_effect_on&quot;:&quot;none&quot;}\" data-widget_type=\"fitnase_contact_form_seven.default\">\n\t\t\t\t<div class=\"elementor-widget-container\">\n\t\t\t\t\t            <div class=\"fitnase-contact-form-container wow none\" data-wow-duration=\"1.25s\">\n\t\t\t\t\n<div class=\"wpcf7 no-js\" id=\"wpcf7-f1900-o1\" lang=\"en-US\" dir=\"ltr\" data-wpcf7-id=\"1900\">\n<div class=\"screen-reader-response\"><p role=\"status\" aria-live=\"polite\" aria-atomic=\"true\"><\/p> <ul><\/ul><\/div>\n<form action=\"\/en\/wp-json\/wp\/v2\/pages\/1789#wpcf7-f1900-o1\" method=\"post\" class=\"wpcf7-form init\" aria-label=\"Contact form\" novalidate=\"novalidate\" data-status=\"init\" data-trp-original-action=\"\/en\/wp-json\/wp\/v2\/pages\/1789#wpcf7-f1900-o1\">\n<fieldset class=\"hidden-fields-container\"><input type=\"hidden\" name=\"_wpcf7\" value=\"1900\" \/><input type=\"hidden\" name=\"_wpcf7_version\" value=\"6.1.1\" \/><input type=\"hidden\" name=\"_wpcf7_locale\" value=\"en_US\" \/><input type=\"hidden\" name=\"_wpcf7_unit_tag\" value=\"wpcf7-f1900-o1\" \/><input type=\"hidden\" name=\"_wpcf7_container_post\" value=\"0\" \/><input type=\"hidden\" name=\"_wpcf7_posted_data_hash\" value=\"\" \/>\n<\/fieldset>\n<div class=\"row\">\n\t<div class=\"col-xl-6 col-md-6\">\n\t\t<div class=\"ep-form-control-wrapper\">\n\t\t\t<p><span class=\"wpcf7-form-control-wrap\" data-name=\"sendername\"><input size=\"40\" maxlength=\"400\" class=\"wpcf7-form-control wpcf7-text wpcf7-validates-as-required\" aria-required=\"true\" aria-invalid=\"false\" placeholder=\"N\u00e9v *\" value=\"\" type=\"text\" name=\"sendername\" \/><\/span><br \/>\n<i class=\"far fa-user\"><\/i>\n\t\t\t<\/p>\n\t\t<\/div>\n\t<\/div>\n\t<div class=\"col-xl-6 col-md-6\">\n\t\t<div class=\"ep-form-control-wrapper\">\n\t\t\t<p><span class=\"wpcf7-form-control-wrap\" data-name=\"sendermail\"><input size=\"40\" maxlength=\"400\" class=\"wpcf7-form-control wpcf7-email wpcf7-validates-as-required wpcf7-text wpcf7-validates-as-email\" aria-required=\"true\" aria-invalid=\"false\" placeholder=\"Email *\" value=\"\" type=\"email\" name=\"sendermail\" \/><\/span><br \/>\n<i class=\"far fa-envelope\"><\/i>\n\t\t\t<\/p>\n\t\t<\/div>\n\t<\/div>\n\t<div class=\"col-xl-6 col-md-6\">\n\t\t<div class=\"ep-form-control-wrapper\">\n\t\t\t<p><span class=\"wpcf7-form-control-wrap\" data-name=\"senderphone\"><input size=\"40\" maxlength=\"400\" class=\"wpcf7-form-control wpcf7-tel wpcf7-validates-as-required wpcf7-text wpcf7-validates-as-tel\" aria-required=\"true\" aria-invalid=\"false\" placeholder=\"Telefon *\" value=\"\" type=\"tel\" name=\"senderphone\" \/><\/span><br \/>\n<i class=\"fas fa-phone\"><\/i>\n\t\t\t<\/p>\n\t\t<\/div>\n\t<\/div>\n\t<div class=\"col-xl-6 col-md-6\">\n\t\t<div class=\"ep-form-control-wrapper\">\n\t\t\t<p><span class=\"wpcf7-form-control-wrap\" data-name=\"sendersubject\"><input size=\"40\" maxlength=\"400\" class=\"wpcf7-form-control wpcf7-text wpcf7-validates-as-required\" aria-required=\"true\" aria-invalid=\"false\" placeholder=\"\u00dczenet t\u00e1rgya *\" value=\"\" type=\"text\" name=\"sendersubject\" \/><\/span><br \/>\n<i class=\"far fa-file-alt\"><\/i>\n\t\t\t<\/p>\n\t\t<\/div>\n\t<\/div>\n\t<div class=\"col-xl-12\">\n\t\t<div class=\"ep-form-control-wrapper ep-textarea\">\n\t\t\t<p><span class=\"wpcf7-form-control-wrap\" data-name=\"sendermessage\"><textarea cols=\"40\" rows=\"10\" maxlength=\"2000\" class=\"wpcf7-form-control wpcf7-textarea wpcf7-validates-as-required\" aria-required=\"true\" aria-invalid=\"false\" placeholder=\"\u00dczenet sz\u00f6vege *\" name=\"sendermessage\"><\/textarea><\/span><br \/>\n<i class=\"fas fa-pencil-alt\"><\/i>\n\t\t\t<\/p>\n\t\t<\/div>\n\t<\/div>\n\t<div class=\"col-xl-12\">\n\t\t<p><button type=\"submit\" class=\"wpcf7-form-control wpcf7-submit ep-button\">Elk\u00fcld<\/button>\n\t\t<\/p>\n\t<\/div>\n<\/div><div class=\"wpcf7-response-output\" aria-hidden=\"true\"><\/div>\n<input type=\"hidden\" name=\"trp-form-language\" value=\"en\"\/><\/form>\n<\/div>\n            <\/div>\n\t\t\t\t\t\t\t<\/div>\n\t\t\t\t<\/div>\n\t\t\t\t\t<\/div>\n\t\t<\/div>\n\t\t\t\t<div class=\"elementor-column elementor-col-50 elementor-top-column elementor-element elementor-element-3e7d581\" data-id=\"3e7d581\" data-element_type=\"column\">\n\t\t\t<div class=\"elementor-widget-wrap elementor-element-populated\">\n\t\t\t\t\t\t<div class=\"elementor-element elementor-element-9977923 elementor-widget elementor-widget-fitnase_contact_info\" data-id=\"9977923\" data-element_type=\"widget\" data-settings=\"{&quot;ekit_we_effect_on&quot;:&quot;none&quot;}\" data-widget_type=\"fitnase_contact_info.default\">\n\t\t\t\t<div class=\"elementor-widget-container\">\n\t\t\t\t\t\t\t<div class=\"ep-contact-info-wrapper\">\n\t\t\t<div class=\"row\">\n\t\t\t\t\t\t\t\t\t\t<div class=\"col-xl-12 col-lg-12 col-md-12 col-12\">\n\t\t\t\t\t\t\t<div class=\"ep-info-box\">\n\t\t\t\t\t\t\t\t<div class=\"ep-info-box-icon ep-primary-color\">\n\t\t\t\t\t\t\t\t\t\t\t\t\t\t\t\t\t\t        <i aria-hidden=\"true\" class=\"flaticon-telephone\"><\/i>\t\t\t\t\t\t\t\t\t\t\t\t\t\t\t\t\t<\/div>\n\n                                <h3 class=\"ep-info-box-title ep-primary-color\">Phone<\/h3>\n\n                                <div class=\"ep-info-box-desc ep-list-style\">\n\t\t\t\t\t\t\t\t\t<ul>\n \t<li>06 20 442 4774<\/li>\n<\/ul>                                <\/div>\n\t\t\t\t\t\t\t<\/div>\n\t\t\t\t\t\t<\/div>\n\n\t\t\t\t\t\t\t\t\t\t\t<div class=\"col-xl-12 col-lg-12 col-md-12 col-12\">\n\t\t\t\t\t\t\t<div class=\"ep-info-box\">\n\t\t\t\t\t\t\t\t<div class=\"ep-info-box-icon ep-primary-color\">\n\t\t\t\t\t\t\t\t\t\t\t\t\t\t\t\t\t\t        <i aria-hidden=\"true\" class=\"ep-icon flaticon-email\"><\/i>\t\t\t\t\t\t\t\t\t\t\t\t\t\t\t\t\t<\/div>\n\n                                <h3 class=\"ep-info-box-title ep-primary-color\">Email:<\/h3>\n\n                                <div class=\"ep-info-box-desc ep-list-style\">\n\t\t\t\t\t\t\t\t\t<ul><li><a href=\"mailto:gobudafitness@gmail.com\">gobudafitness@gmail.com<\/a><\/li><\/ul>                                <\/div>\n\t\t\t\t\t\t\t<\/div>\n\t\t\t\t\t\t<\/div>\n\n\t\t\t\t\t\t\t\t\t\t\t<div class=\"col-xl-12 col-lg-12 col-md-12 col-12\">\n\t\t\t\t\t\t\t<div class=\"ep-info-box\">\n\t\t\t\t\t\t\t\t<div class=\"ep-info-box-icon ep-primary-color\">\n\t\t\t\t\t\t\t\t\t\t\t\t\t\t\t\t\t\t        <i aria-hidden=\"true\" class=\"ep-icon flaticon-pin\"><\/i>\t\t\t\t\t\t\t\t\t\t\t\t\t\t\t\t\t<\/div>\n\n                                <h3 class=\"ep-info-box-title ep-primary-color\">Address<\/h3>\n\n                                <div class=\"ep-info-box-desc ep-list-style\">\n\t\t\t\t\t\t\t\t\t<ul class=\"ep-list-style ep-list-inline\"><li>GOBUDA Mall (volt EuroCenter) 1032 Budapest, B\u00e9csi \u00fat 154. ( legfels\u0151 szint )<\/li><\/ul>                                <\/div>\n\t\t\t\t\t\t\t<\/div>\n\t\t\t\t\t\t<\/div>\n\n\t\t\t\t\t\t\t\t<\/div>\n\t\t<\/div>\n\t\t\t\t\t\t<\/div>\n\t\t\t\t<\/div>\n\t\t\t\t\t<\/div>\n\t\t<\/div>\n\t\t\t\t\t<\/div>\n\t\t<\/section>\n\t\t\t\t<section class=\"elementor-section elementor-top-section elementor-element elementor-element-ef794c0 elementor-section-full_width elementor-section-stretched elementor-section-height-default elementor-section-height-default\" data-id=\"ef794c0\" data-element_type=\"section\" data-settings=\"{&quot;stretch_section&quot;:&quot;section-stretched&quot;,&quot;ekit_has_onepagescroll_dot&quot;:&quot;yes&quot;}\">\n\t\t\t\t\t\t<div class=\"elementor-container elementor-column-gap-no\">\n\t\t\t\t\t<div class=\"elementor-column elementor-col-100 elementor-top-column elementor-element elementor-element-065a95d\" data-id=\"065a95d\" data-element_type=\"column\">\n\t\t\t<div class=\"elementor-widget-wrap elementor-element-populated\">\n\t\t\t\t\t\t<div class=\"elementor-element elementor-element-c517385 elementor-widget elementor-widget-google_maps\" data-id=\"c517385\" data-element_type=\"widget\" data-settings=\"{&quot;ekit_we_effect_on&quot;:&quot;none&quot;}\" data-widget_type=\"google_maps.default\">\n\t\t\t\t<div class=\"elementor-widget-container\">\n\t\t\t\t\t\t\t<div class=\"elementor-custom-embed\">\n\t\t\t<iframe loading=\"lazy\"\n\t\t\t\t\tsrc=\"https:\/\/maps.google.com\/maps?q=1032%20Budapest%2C%20B%C3%A9csi%20%C3%BAt%20154.&#038;t=m&#038;z=16&#038;output=embed&#038;iwloc=near\"\n\t\t\t\t\ttitle=\"1032 Budapest, B\u00e9csi \u00fat 154.\"\n\t\t\t\t\taria-label=\"1032 Budapest, B\u00e9csi \u00fat 154.\"\n\t\t\t><\/iframe>\n\t\t<\/div>\n\t\t\t\t\t\t<\/div>\n\t\t\t\t<\/div>\n\t\t\t\t\t<\/div>\n\t\t<\/div>\n\t\t\t\t\t<\/div>\n\t\t<\/section>\n\t\t\t\t<\/div>","protected":false},"excerpt":{"rendered":"<p>kapcsolat K\u00e9rd\u00e9sed van? Itt k\u00fcldhetsz \u00fczenetet Elk\u00fcld Telefon: 06 20 442 4774 Email: gobudafitness@gmail.com C\u00edm: GOBUDA Mall (volt EuroCenter) 1032 Budapest, B\u00e9csi \u00fat 154. ( legfels\u0151 szint )<\/p>","protected":false},"author":1,"featured_media":0,"parent":0,"menu_order":0,"comment_status":"closed","ping_status":"closed","template":"","meta":{"footnotes":""},"class_list":["post-1789","page","type-page","status-publish","hentry"],"yoast_head":"<!-- This site is optimized with the Yoast SEO plugin v25.8 - https:\/\/yoast.com\/wordpress\/plugins\/seo\/ -->\n<title>Kapcsolat - Gobuda Fitness Club<\/title>\n<meta name=\"robots\" content=\"index, follow, max-snippet:-1, max-image-preview:large, max-video-preview:-1\" \/>\n<link rel=\"canonical\" href=\"https:\/\/gobudafitness.hu\/en\/kapcsolat\/\" \/>\n<meta property=\"og:locale\" content=\"en_US\" \/>\n<meta property=\"og:type\" content=\"article\" \/>\n<meta property=\"og:title\" content=\"Kapcsolat - Gobuda Fitness Club\" \/>\n<meta property=\"og:description\" content=\"kapcsolat K\u00e9rd\u00e9sed van? Itt k\u00fcldhetsz \u00fczenetet Elk\u00fcld Telefon: 06 20 442 4774 Email: gobudafitness@gmail.com C\u00edm: GOBUDA Mall (volt EuroCenter) 1032 Budapest, B\u00e9csi \u00fat 154. ( legfels\u0151 szint )\" \/>\n<meta property=\"og:url\" content=\"https:\/\/gobudafitness.hu\/en\/kapcsolat\/\" \/>\n<meta property=\"og:site_name\" content=\"Gobuda Fitness Club\" \/>\n<meta property=\"article:publisher\" content=\"https:\/\/www.facebook.com\/gobudafitness\" \/>\n<meta property=\"article:modified_time\" content=\"2022-12-01T21:33:39+00:00\" \/>\n<meta name=\"twitter:card\" content=\"summary_large_image\" \/>\n<meta name=\"twitter:label1\" content=\"Est. reading time\" \/>\n\t<meta name=\"twitter:data1\" content=\"1 minute\" \/>\n<script type=\"application\/ld+json\" class=\"yoast-schema-graph\">{\"@context\":\"https:\/\/schema.org\",\"@graph\":[{\"@type\":\"WebPage\",\"@id\":\"https:\/\/gobudafitness.hu\/kapcsolat\/\",\"url\":\"https:\/\/gobudafitness.hu\/kapcsolat\/\",\"name\":\"Kapcsolat - Gobuda Fitness Club\",\"isPartOf\":{\"@id\":\"https:\/\/gobudafitness.hu\/#website\"},\"datePublished\":\"2021-06-26T11:22:58+00:00\",\"dateModified\":\"2022-12-01T21:33:39+00:00\",\"breadcrumb\":{\"@id\":\"https:\/\/gobudafitness.hu\/kapcsolat\/#breadcrumb\"},\"inLanguage\":\"en-US\",\"potentialAction\":[{\"@type\":\"ReadAction\",\"target\":[\"https:\/\/gobudafitness.hu\/kapcsolat\/\"]}]},{\"@type\":\"BreadcrumbList\",\"@id\":\"https:\/\/gobudafitness.hu\/kapcsolat\/#breadcrumb\",\"itemListElement\":[{\"@type\":\"ListItem\",\"position\":1,\"name\":\"Kezd\u0151lap\",\"item\":\"https:\/\/gobudafitness.hu\/\"},{\"@type\":\"ListItem\",\"position\":2,\"name\":\"Kapcsolat\"}]},{\"@type\":\"WebSite\",\"@id\":\"https:\/\/gobudafitness.hu\/#website\",\"url\":\"https:\/\/gobudafitness.hu\/\",\"name\":\"Gobuda Fitness Club\",\"description\":\"\",\"publisher\":{\"@id\":\"https:\/\/gobudafitness.hu\/#organization\"},\"potentialAction\":[{\"@type\":\"SearchAction\",\"target\":{\"@type\":\"EntryPoint\",\"urlTemplate\":\"https:\/\/gobudafitness.hu\/?s={search_term_string}\"},\"query-input\":{\"@type\":\"PropertyValueSpecification\",\"valueRequired\":true,\"valueName\":\"search_term_string\"}}],\"inLanguage\":\"en-US\"},{\"@type\":\"Organization\",\"@id\":\"https:\/\/gobudafitness.hu\/#organization\",\"name\":\"Gobuda Fitness Club\",\"url\":\"https:\/\/gobudafitness.hu\/\",\"logo\":{\"@type\":\"ImageObject\",\"inLanguage\":\"en-US\",\"@id\":\"https:\/\/gobudafitness.hu\/#\/schema\/logo\/image\/\",\"url\":\"https:\/\/gobudafitness.hu\/wp-content\/uploads\/2022\/07\/gobuda-logo-v2.png\",\"contentUrl\":\"https:\/\/gobudafitness.hu\/wp-content\/uploads\/2022\/07\/gobuda-logo-v2.png\",\"width\":519,\"height\":149,\"caption\":\"Gobuda Fitness Club\"},\"image\":{\"@id\":\"https:\/\/gobudafitness.hu\/#\/schema\/logo\/image\/\"},\"sameAs\":[\"https:\/\/www.facebook.com\/gobudafitness\"]}]}<\/script>\n<!-- \/ Yoast SEO plugin. -->","yoast_head_json":{"title":"Kapcsolat - Gobuda Fitness Club","robots":{"index":"index","follow":"follow","max-snippet":"max-snippet:-1","max-image-preview":"max-image-preview:large","max-video-preview":"max-video-preview:-1"},"canonical":"https:\/\/gobudafitness.hu\/en\/kapcsolat\/","og_locale":"en_US","og_type":"article","og_title":"Kapcsolat - Gobuda Fitness Club","og_description":"kapcsolat K\u00e9rd\u00e9sed van? Itt k\u00fcldhetsz \u00fczenetet Elk\u00fcld Telefon: 06 20 442 4774 Email: gobudafitness@gmail.com C\u00edm: GOBUDA Mall (volt EuroCenter) 1032 Budapest, B\u00e9csi \u00fat 154. ( legfels\u0151 szint )","og_url":"https:\/\/gobudafitness.hu\/en\/kapcsolat\/","og_site_name":"Gobuda Fitness Club","article_publisher":"https:\/\/www.facebook.com\/gobudafitness","article_modified_time":"2022-12-01T21:33:39+00:00","twitter_card":"summary_large_image","twitter_misc":{"Est. reading time":"1 minute"},"schema":{"@context":"https:\/\/schema.org","@graph":[{"@type":"WebPage","@id":"https:\/\/gobudafitness.hu\/kapcsolat\/","url":"https:\/\/gobudafitness.hu\/kapcsolat\/","name":"Kapcsolat - Gobuda Fitness Club","isPartOf":{"@id":"https:\/\/gobudafitness.hu\/#website"},"datePublished":"2021-06-26T11:22:58+00:00","dateModified":"2022-12-01T21:33:39+00:00","breadcrumb":{"@id":"https:\/\/gobudafitness.hu\/kapcsolat\/#breadcrumb"},"inLanguage":"en-US","potentialAction":[{"@type":"ReadAction","target":["https:\/\/gobudafitness.hu\/kapcsolat\/"]}]},{"@type":"BreadcrumbList","@id":"https:\/\/gobudafitness.hu\/kapcsolat\/#breadcrumb","itemListElement":[{"@type":"ListItem","position":1,"name":"Kezd\u0151lap","item":"https:\/\/gobudafitness.hu\/"},{"@type":"ListItem","position":2,"name":"Kapcsolat"}]},{"@type":"WebSite","@id":"https:\/\/gobudafitness.hu\/#website","url":"https:\/\/gobudafitness.hu\/","name":"Gobuda Fitness Club","description":"","publisher":{"@id":"https:\/\/gobudafitness.hu\/#organization"},"potentialAction":[{"@type":"SearchAction","target":{"@type":"EntryPoint","urlTemplate":"https:\/\/gobudafitness.hu\/?s={search_term_string}"},"query-input":{"@type":"PropertyValueSpecification","valueRequired":true,"valueName":"search_term_string"}}],"inLanguage":"en-US"},{"@type":"Organization","@id":"https:\/\/gobudafitness.hu\/#organization","name":"Gobuda Fitness Club","url":"https:\/\/gobudafitness.hu\/","logo":{"@type":"ImageObject","inLanguage":"en-US","@id":"https:\/\/gobudafitness.hu\/#\/schema\/logo\/image\/","url":"https:\/\/gobudafitness.hu\/wp-content\/uploads\/2022\/07\/gobuda-logo-v2.png","contentUrl":"https:\/\/gobudafitness.hu\/wp-content\/uploads\/2022\/07\/gobuda-logo-v2.png","width":519,"height":149,"caption":"Gobuda Fitness Club"},"image":{"@id":"https:\/\/gobudafitness.hu\/#\/schema\/logo\/image\/"},"sameAs":["https:\/\/www.facebook.com\/gobudafitness"]}]}},"_links":{"self":[{"href":"https:\/\/gobudafitness.hu\/en\/wp-json\/wp\/v2\/pages\/1789","targetHints":{"allow":["GET"]}}],"collection":[{"href":"https:\/\/gobudafitness.hu\/en\/wp-json\/wp\/v2\/pages"}],"about":[{"href":"https:\/\/gobudafitness.hu\/en\/wp-json\/wp\/v2\/types\/page"}],"author":[{"embeddable":true,"href":"https:\/\/gobudafitness.hu\/en\/wp-json\/wp\/v2\/users\/1"}],"replies":[{"embeddable":true,"href":"https:\/\/gobudafitness.hu\/en\/wp-json\/wp\/v2\/comments?post=1789"}],"version-history":[{"count":31,"href":"https:\/\/gobudafitness.hu\/en\/wp-json\/wp\/v2\/pages\/1789\/revisions"}],"predecessor-version":[{"id":3803,"href":"https:\/\/gobudafitness.hu\/en\/wp-json\/wp\/v2\/pages\/1789\/revisions\/3803"}],"wp:attachment":[{"href":"https:\/\/gobudafitness.hu\/en\/wp-json\/wp\/v2\/media?parent=1789"}],"curies":[{"name":"wp","href":"https:\/\/api.w.org\/{rel}","templated":true}]}}